{"id":970,"date":"2022-12-13T14:05:35","date_gmt":"2022-12-13T13:05:35","guid":{"rendered":"https:\/\/www.diebildungsmanager.com\/shop\/?post_type=product&#038;p=970"},"modified":"2026-04-29T05:10:40","modified_gmt":"2026-04-29T03:10:40","slug":"anbieterprofil-premium-weiterbildungsmarkt-net","status":"publish","type":"product","link":"https:\/\/www.diebildungsmanager.com\/shop\/produkt\/anbieterprofil-premium-weiterbildungsmarkt-net\/","title":{"rendered":"Anbieterprofil Premium Weiterbildungsmarkt.net"},"content":{"rendered":"<h3>Das sind die Leistungen des Premium-Profils:<\/h3>\n<ul>\n<li><b>H\u00f6chste Sichtbarkeit durch Vorreihung im Suchergebnis \u2013 Top-Platzierung &#8211; <\/b><b>Vorreihung<\/b> vor Classic-Profile<\/li>\n<li><strong>Kennzeichnung als Premium-Anbieter<\/strong> &#8211; <b>Farbliche Hervorhebung <\/b>im Suchergebnis<\/li>\n<li><strong>Imagevideo:<\/strong> <strong>YouTube oder Vimeo-Video <\/strong>ganz oben im Profil anzeigen<\/li>\n<li><strong>Themenzuordnung<\/strong>:\u00a0 Pr\u00e4sentation in allen passenden Themenbereichen innerhalb der Anbieterkategorie<\/li>\n<li><strong>Foto und Logo<\/strong>: 3 Fotos oder Imagebilder und Firmenlogo<\/li>\n<li><strong>Pr\u00e4sentation mit Backlink<\/strong>:\u00a0 8.000 Zeichen formatierbarer Text zur Beschreibung der Leistungen mit\u00a0 Backlink auf die eigene Webseite<\/li>\n<li><strong>SEO-Backlink: Wert eines Backlinks EUR 240-396 pro Jahr <\/strong>(Bewertung von Seedingup.de)<\/li>\n<li><strong>Profile im Social Web<\/strong>:\u00a0 Verlinkung zu Ihren Profilen im Social Web (Xing, Facebook, Twitter, LinkedIn, YouTube etc.)<\/li>\n<li><strong>5 Dateien<\/strong>:\u00a0 Upload von bis zu 5 Dateien (z.B. Imagefolder)<\/li>\n<li><strong>Detaillierte Statistik<\/strong>: Statistik \u00fcber Impressionen, Profil\u00f6ffnungen, Klicks auf die hinterlegte Webseite, Klicks auf die hinterlegte Telefonnummer und Anzahl an Kontaktanfragen<\/li>\n<li><strong>Anbietersiegel<\/strong> <strong>\u201eAnbieter des Jahres\u201c*<\/strong>: Siegel f\u00fcr die eigene Webseite und Auflistung auf der Weiterbildungsmarkt.net-Unterseite \u201eAnbieter des Jahres\u201c (* Hinweis: Das Siegel erhalten nur Anbieter, die zuvor von uns auf Seriosit\u00e4t und Professionalit\u00e4t \u00fcberpr\u00fcft wurden. Das Anbietersiegel kann w\u00e4hrend der aktiven Mitgliedschaft auf all Ihren Werbemitteln verwendet werden).<img decoding=\"async\" class=\"aligncenter size-thumbnail wp-image-1592\" src=\"https:\/\/www.diebildungsmanager.com\/shop\/wp-content\/uploads\/2024\/08\/Pokal-Anbietersiegel-2025-500x500px-150x150.png\" alt=\"Anbietersiegel 2025\" width=\"150\" height=\"150\" srcset=\"https:\/\/www.diebildungsmanager.com\/shop\/wp-content\/uploads\/2024\/08\/Pokal-Anbietersiegel-2025-500x500px-66x66.png 66w, https:\/\/www.diebildungsmanager.com\/shop\/wp-content\/uploads\/2024\/08\/Pokal-Anbietersiegel-2025-500x500px-150x150.png 150w, https:\/\/www.diebildungsmanager.com\/shop\/wp-content\/uploads\/2024\/08\/Pokal-Anbietersiegel-2025-500x500px-200x200.png 200w, https:\/\/www.diebildungsmanager.com\/shop\/wp-content\/uploads\/2024\/08\/Pokal-Anbietersiegel-2025-500x500px-300x300.png 300w, https:\/\/www.diebildungsmanager.com\/shop\/wp-content\/uploads\/2024\/08\/Pokal-Anbietersiegel-2025-500x500px-400x400.png 400w, https:\/\/www.diebildungsmanager.com\/shop\/wp-content\/uploads\/2024\/08\/Pokal-Anbietersiegel-2025-500x500px.png 500w\" sizes=\"(max-width: 150px) 100vw, 150px\" \/><\/li>\n<li><strong>Zusatz<\/strong>:<b>Account<\/b><b> f\u00fcr das <\/b><b>News-Portal &#8211;<\/b>F\u00fcr das kostenlose Ver\u00f6ffentlichen von aktuellen Pressemeldungen<\/li>\n<\/ul>\n<p>Preis gesamt f\u00fcr 12 Monate Laufzeit<\/p>\n","protected":false},"excerpt":{"rendered":"<p>H\u00f6chste Sichtbarkeit als Premium-Anbieter im Weiterbildungsmarkt durch Vorreihung im Suchergebnis mit umfassender Darstellung der eigenen Leistungen und Angebote mit einem Do-follow-SEO-Backlink.<\/p>\n<p>Der Preis gesamt f\u00fcr 12 Monate Laufzeit zuz\u00fcgl. 20% MwSt. Reverse Charge Verfahren ist m\u00f6glich.<\/p>\n","protected":false},"featured_media":1055,"template":"","meta":[],"product_brand":[],"product_cat":[71],"product_tag":[],"class_list":{"0":"post-970","1":"product","2":"type-product","3":"status-publish","4":"has-post-thumbnail","6":"product_cat-weiterbildungsmarkt-net","8":"first","9":"instock","10":"virtual","11":"sold-individually","12":"taxable","13":"purchasable","14":"product-type-subscription"},"_links":{"self":[{"href":"https:\/\/www.diebildungsmanager.com\/shop\/wp-json\/wp\/v2\/product\/970","targetHints":{"allow":["GET"]}}],"collection":[{"href":"https:\/\/www.diebildungsmanager.com\/shop\/wp-json\/wp\/v2\/product"}],"about":[{"href":"https:\/\/www.diebildungsmanager.com\/shop\/wp-json\/wp\/v2\/types\/product"}],"wp:featuredmedia":[{"embeddable":true,"href":"https:\/\/www.diebildungsmanager.com\/shop\/wp-json\/wp\/v2\/media\/1055"}],"wp:attachment":[{"href":"https:\/\/www.diebildungsmanager.com\/shop\/wp-json\/wp\/v2\/media?parent=970"}],"wp:term":[{"taxonomy":"product_brand","embeddable":true,"href":"https:\/\/www.diebildungsmanager.com\/shop\/wp-json\/wp\/v2\/product_brand?post=970"},{"taxonomy":"product_cat","embeddable":true,"href":"https:\/\/www.diebildungsmanager.com\/shop\/wp-json\/wp\/v2\/product_cat?post=970"},{"taxonomy":"product_tag","embeddable":true,"href":"https:\/\/www.diebildungsmanager.com\/shop\/wp-json\/wp\/v2\/product_tag?post=970"}],"curies":[{"name":"wp","href":"https:\/\/api.w.org\/{rel}","templated":true}]}}