{"id":1745,"date":"2025-12-05T13:44:04","date_gmt":"2025-12-05T12:44:04","guid":{"rendered":"https:\/\/www.diebildungsmanager.com\/shop\/?post_type=product&#038;p=1745"},"modified":"2025-12-09T20:52:34","modified_gmt":"2025-12-09T19:52:34","slug":"1-stunde-online-marketing-beratung","status":"publish","type":"product","link":"https:\/\/www.diebildungsmanager.com\/shop\/produkt\/1-stunde-online-marketing-beratung\/","title":{"rendered":"1-Stunde-Online-Marketing-Beratung"},"content":{"rendered":"<p><strong>Mit der Buchung der 1-Stunde-Online-Marketing-Beratung k\u00f6nnen Sie Ihre wichtigsten Fragen rund um das Online Marketing in kompakter Form besprechen.<br \/>\n<\/strong><\/p>\n<p><strong>In dem Online Beratungsmeeting k\u00f6nnen wir Ihre Temenstellungen besprechen, wie beispielsweise:<\/strong><\/p>\n<ul>\n<li>Beratung \u00fcber die optimale Seitenstruktur der Webseite oder des Blogs<\/li>\n<li>Beratung \u00fcber Optimierungen einer bereits bestehenden Webseite oder des Blogs<\/li>\n<li>Beratung \u00fcber technische SEO-Optimierung (Analyse aktueller Fehler und Probleme) und Vorschl\u00e4ge f\u00fcr Optimierungen<\/li>\n<li>Beratung Content Marketing \u2013 Empfehlung von sinnvollen Ma\u00dfnahmen und \u00dcberlegungen zur praktischen Umsetzung<\/li>\n<li>Schulung \u00fcber den notwendigen Einsatz von Keywords in der Gestaltung der Webseiteninhalte bzw. dem Verfassen von Blog-Beitr\u00e4gen<\/li>\n<li>Bilder-SEO: Beratung \u00fcber sinnvolle Ma\u00dfnahmen einer Bilder SEO<\/li>\n<li>Local SEO: Beratung \u00fcber m\u00f6gliche und sinnvolle Ma\u00dfnahmen der lokalen Optimierung in der Google Suche<\/li>\n<li>GEO \u2013 Optimierung der Webseite f\u00fcr die KI (Chatbots und KI-Suche)<\/li>\n<li>Beratung \u00fcber sinnvolle Ma\u00dfnahmen im Social Media Marketing \u2013 Welche Social Media Netzwerke sind f\u00fcr die eigenen Zwecke sinnvoll<\/li>\n<li>E-Mail-Marketing und Aufbau von Funnels zur gezielten KundInnen-Gewinnung<\/li>\n<li>u.s.w.<\/li>\n<\/ul>\n<p><strong>Wie erfolgt die Abrechnung:<\/strong><\/p>\n<p>Die 1-Stunden-Online-Marketing-Beratung wird unmittelbar nach der Buchung verrechnet. Ihrem Kunden-Account wird in Folge 1 Stunde gutgeschrieben. Nach der Buchung vereinbaren wir einen fixen Beratungstermin.<\/p>\n<p>Die Beratung wird unkompliziert online \u00fcber ein Video-Meeting durchgef\u00fchrt.<\/p>\n","protected":false},"excerpt":{"rendered":"<p>Individuelle Online-Fachberatung (1h) im Bildungsmarketing durch eine zertifizierte Erwachsenenbildnerin. Kl\u00e4rung von Marketingfragen, Bewertung aktueller Ma\u00dfnahmen und Ableitung passender Handlungsschritte f\u00fcr Weiterbildungsanbieter, Trainer, Berater und Coaches.<\/p>\n<p>Wenn Sie mehr als 1 Stunde buchen m\u00f6chten, so w\u00e4hlen Sie die gew\u00fcnschte Stundenanzahl und legen Sie diese in den Warenkorb.<\/p>\n","protected":false},"featured_media":1746,"template":"","meta":[],"product_brand":[],"product_cat":[94],"product_tag":[],"class_list":{"0":"post-1745","1":"product","2":"type-product","3":"status-publish","4":"has-post-thumbnail","6":"product_cat-die-bildungsmanager-beratung","8":"first","9":"instock","10":"virtual","11":"taxable","12":"purchasable","13":"product-type-simple"},"_links":{"self":[{"href":"https:\/\/www.diebildungsmanager.com\/shop\/wp-json\/wp\/v2\/product\/1745","targetHints":{"allow":["GET"]}}],"collection":[{"href":"https:\/\/www.diebildungsmanager.com\/shop\/wp-json\/wp\/v2\/product"}],"about":[{"href":"https:\/\/www.diebildungsmanager.com\/shop\/wp-json\/wp\/v2\/types\/product"}],"wp:featuredmedia":[{"embeddable":true,"href":"https:\/\/www.diebildungsmanager.com\/shop\/wp-json\/wp\/v2\/media\/1746"}],"wp:attachment":[{"href":"https:\/\/www.diebildungsmanager.com\/shop\/wp-json\/wp\/v2\/media?parent=1745"}],"wp:term":[{"taxonomy":"product_brand","embeddable":true,"href":"https:\/\/www.diebildungsmanager.com\/shop\/wp-json\/wp\/v2\/product_brand?post=1745"},{"taxonomy":"product_cat","embeddable":true,"href":"https:\/\/www.diebildungsmanager.com\/shop\/wp-json\/wp\/v2\/product_cat?post=1745"},{"taxonomy":"product_tag","embeddable":true,"href":"https:\/\/www.diebildungsmanager.com\/shop\/wp-json\/wp\/v2\/product_tag?post=1745"}],"curies":[{"name":"wp","href":"https:\/\/api.w.org\/{rel}","templated":true}]}}