{"id":1725,"date":"2025-11-30T11:33:52","date_gmt":"2025-11-30T10:33:52","guid":{"rendered":"https:\/\/www.diebildungsmanager.com\/shop\/?post_type=product&#038;p=1725"},"modified":"2025-12-09T19:02:19","modified_gmt":"2025-12-09T18:02:19","slug":"3-stunden-online-marketing-beratungspaket","status":"publish","type":"product","link":"https:\/\/www.diebildungsmanager.com\/shop\/produkt\/3-stunden-online-marketing-beratungspaket\/","title":{"rendered":"3-Stunden-Online-Marketing-Beratungspaket"},"content":{"rendered":"<p><strong>Mit dem 3-Stunden-Online-Marketing-Beratungspaket k\u00f6nnen Sie Ihre wichtigsten Fragen rund um das Online Marketing in kompakter Form besprechen.<br \/>\n<\/strong><\/p>\n<p><strong>M\u00f6gliche Themenstellungen, die \u00fcber das 3-Stunden-Online-Marketing-Beratungspaket abgedeckt sind:<\/strong><\/p>\n<ul>\n<li>Beratung \u00fcber die optimale Seitenstruktur der Webseite oder des Blogs<\/li>\n<li>Beratung \u00fcber Optimierungen einer bereits bestehenden Webseite oder des Blogs<\/li>\n<li>Beratung \u00fcber technische SEO-Optimierung (Analyse aktueller Fehler und Probleme) und Vorschl\u00e4ge f\u00fcr Optimierungen<\/li>\n<li>Beratung Content Marketing \u2013 Empfehlung von sinnvollen Ma\u00dfnahmen und \u00dcberlegungen zur praktischen Umsetzung<\/li>\n<li>Schulung \u00fcber den notwendigen Einsatz von Keywords in der Gestaltung der Webseiteninhalte bzw. dem Verfassen von Blog-Beitr\u00e4gen<\/li>\n<li>Bilder-SEO: Beratung \u00fcber sinnvolle Ma\u00dfnahmen einer Bilder SEO<\/li>\n<li>Local SEO: Beratung \u00fcber m\u00f6gliche und sinnvolle Ma\u00dfnahmen der lokalen Optimierung in der Google Suche<\/li>\n<li>GEO &#8211; Optimierung der Webseite f\u00fcr die KI (Chatbots und KI-Suche)<\/li>\n<li>Beratung \u00fcber sinnvolle Ma\u00dfnahmen im Social Media Marketing \u2013 Welche Social Media Netzwerke sind f\u00fcr die eigenen Zwecke sinnvoll<\/li>\n<li>E-Mail-Marketing und Aufbau von Funnels zur gezielten KundInnen-Gewinnung<\/li>\n<li>u.s.w.<\/li>\n<\/ul>\n<p><strong>Wie erfolgt die Abrechnung:<\/strong><\/p>\n<p>Das 3-Stunden-SEO-Online-Marketing-Beratungspaket wird unmittelbar nach der Buchung verrechnet. Ihrem Kunden-Account werden in Folge 3 Stunden gutgeschrieben. Nach der Buchung vereinbaren wir einen fixen Beratungstermin und besprechen das Ziel der Beratung, damit eine einst\u00fcndige Vorbereitung der Beraterin erfolgen kann.<\/p>\n<p>Die Beratung wird unkompliziert online \u00fcber ein Video-Meeting durchgef\u00fchrt. Zur Vorbereitung auf die Beratungseinheit k\u00f6nnen Sie schon Fragen vorab zusenden. Vor dem Beratungstermin schauen wir uns Ihren aktuellen Webauftritt an, um einen ersten Eindruck \u00fcber m\u00f6gliche Optimierungspotentiale zu erhalten. Der Vorbereitungsaufwand ist im 3-Stunden-Beratungspaket auf maximal 60 Minuten limitiert. Umfassendere Analysen sind selbstverst\u00e4ndlich m\u00f6glich, m\u00fcssen aber extra beauftragt werden. Hierf\u00fcr empfiehlt sich das umfangreichere <strong>10-Stunden-Beratungspaket<\/strong>.<\/p>\n","protected":false},"excerpt":{"rendered":"<p>Individuelle Online-Fachberatung (2h plus 1h Vorbereitung der Beraterin) im Bildungsmarketing durch eine zertifizierte Erwachsenenbildnerin. Kl\u00e4rung von Marketingfragen, Bewertung aktueller Ma\u00dfnahmen und Ableitung passender Handlungsschritte f\u00fcr Weiterbildungsanbieter, Trainer, Berater und Coaches<\/p>\n","protected":false},"featured_media":1729,"template":"","meta":[],"product_brand":[],"product_cat":[94],"product_tag":[],"class_list":{"0":"post-1725","1":"product","2":"type-product","3":"status-publish","4":"has-post-thumbnail","6":"product_cat-die-bildungsmanager-beratung","8":"first","9":"instock","10":"virtual","11":"sold-individually","12":"taxable","13":"purchasable","14":"product-type-simple"},"_links":{"self":[{"href":"https:\/\/www.diebildungsmanager.com\/shop\/wp-json\/wp\/v2\/product\/1725","targetHints":{"allow":["GET"]}}],"collection":[{"href":"https:\/\/www.diebildungsmanager.com\/shop\/wp-json\/wp\/v2\/product"}],"about":[{"href":"https:\/\/www.diebildungsmanager.com\/shop\/wp-json\/wp\/v2\/types\/product"}],"wp:featuredmedia":[{"embeddable":true,"href":"https:\/\/www.diebildungsmanager.com\/shop\/wp-json\/wp\/v2\/media\/1729"}],"wp:attachment":[{"href":"https:\/\/www.diebildungsmanager.com\/shop\/wp-json\/wp\/v2\/media?parent=1725"}],"wp:term":[{"taxonomy":"product_brand","embeddable":true,"href":"https:\/\/www.diebildungsmanager.com\/shop\/wp-json\/wp\/v2\/product_brand?post=1725"},{"taxonomy":"product_cat","embeddable":true,"href":"https:\/\/www.diebildungsmanager.com\/shop\/wp-json\/wp\/v2\/product_cat?post=1725"},{"taxonomy":"product_tag","embeddable":true,"href":"https:\/\/www.diebildungsmanager.com\/shop\/wp-json\/wp\/v2\/product_tag?post=1725"}],"curies":[{"name":"wp","href":"https:\/\/api.w.org\/{rel}","templated":true}]}}