{"id":1724,"date":"2025-12-01T11:28:05","date_gmt":"2025-12-01T10:28:05","guid":{"rendered":"https:\/\/www.diebildungsmanager.com\/shop\/?post_type=product&#038;p=1724"},"modified":"2025-12-05T13:56:18","modified_gmt":"2025-12-05T12:56:18","slug":"10-stunden-seogeo-beratungspaket","status":"publish","type":"product","link":"https:\/\/www.diebildungsmanager.com\/shop\/produkt\/10-stunden-seogeo-beratungspaket\/","title":{"rendered":"10-Stunden-SEO&#038;GEO-Beratungspaket"},"content":{"rendered":"<p><strong>Mit dem 10-Stunden-SEO&amp;GEO-Beratungs-Paket k\u00f6nnen Sie SEO-Beratungs sowie GEO (Generative Engine Optimization) Beratung je nach Bedarf individuell und unkompliziert in Auftrag geben.<\/strong><\/p>\n<p><strong>M\u00f6gliche Leistungen, die \u00fcber das 10-Stunden-SEO-Beratungspaket abgedeckt sind und je nach Bedarf von Ihnen beauftragt werden k\u00f6nnen:<\/strong><\/p>\n<ul>\n<li>Keyword-Analyse und Empfehlung \u00fcber den Einsatz relevanter Keywords f\u00fcr die SEO-Optimierung<\/li>\n<li>Beratung \u00fcber die optimale Seitenstruktur der Webseite oder des Blogs<\/li>\n<li>Beratung \u00fcber Optimierungen einer bereits bestehenden Webseite oder des Blogs<\/li>\n<li>Beratung \u00fcber technische SEO-Optimierung (Analyse aktueller Fehler und Probleme) und Vorschl\u00e4ge f\u00fcr Optimierungen<\/li>\n<li>Beratung Content Marketing \u2013 Empfehlung von sinnvollen Ma\u00dfnahmen und \u00dcberlegungen zur praktischen Umsetzung<\/li>\n<li>Schulung \u00fcber den notwendigen Einsatz von Keywords in der Gestaltung der Webseiteninhalte bzw. dem Verfassen von Blog-Beitr\u00e4gen<\/li>\n<li>Bilder-SEO: Beratung \u00fcber sinnvolle Ma\u00dfnahmen einer Bilder SEO<\/li>\n<li>Local SEO: Beratung \u00fcber m\u00f6gliche und sinnvolle Ma\u00dfnahmen der lokalen Optimierung in der Google Suche<\/li>\n<li>International SEO-Beratung: Beratung \u00fcber Ma\u00dfnahmen zur internationalen Optimierung in anderen L\u00e4ndern\/Sprachen<\/li>\n<li>Beratung \u00fcber sinnvolle Ma\u00dfnahmen im Social Media Marketing \u2013 Welche Social Media Netzwerke sind f\u00fcr die eigenen Zwecke sinnvoll<\/li>\n<li>Hashtag-Suche und Empfehlung \u00fcber die Nutzung von geeigneten Hashtags im Social Media Marketing<\/li>\n<li>Pers\u00f6nliche oder telefonische Besprechung\/Beratung von Fragen und sinnvollen Ma\u00dfnahmen der Optimierung\u2026<\/li>\n<\/ul>\n<p><strong>Wie erfolgt die Abrechnung:<\/strong><\/p>\n<p style=\"text-align: justify;\">Das 10-Stunden-SEO-Beratungspaket wird unmittelbar nach der Buchung verrechnet. Ihrem Kunden-Account werden in Folge 10 Stunden gut geschrieben, die je nach Bedarf nach und nach einl\u00f6sbar sind.<\/p>\n<p style=\"text-align: justify;\">Jede Leistung,die im Zuge des SEO-Beratungspakets bearbeitet werden soll, muss von Ihnen schriftlich per e-Mail beauftragt werden. Die Bearbeitung der Wartungsarbeiten erfolgt innerhalb der \u00d6ffnungszeiten der Agentur. Die beauftragten Arbeiten werden schnellstm\u00f6glich innerhalb der vorhandenen zeitlichen Kapazit\u00e4ten aller Beteiligten erbracht. F\u00fcr die Koordination und Bearbeitung der Aufgaben erfolgt eine minutengenaue Abrechnung. Die ben\u00f6tigte Zeit wird in Folge dokumentiert und Ihrem Zeitguthaben abgezogen. Werden Arbeiten angefordert, die mit dem noch vorhandenen Zeitguthaben nicht durchf\u00fchrbar sind, ist die Buchung eines weiteren 10-Stunden-Wartungspaketes erforderlich. Wir informieren Sie selbstverst\u00e4ndlich fr\u00fchzeitig dar\u00fcber.<\/p>\n<p><strong>Wichtige Hinweise:<\/strong><\/p>\n<p style=\"text-align: justify;\">Das, mit der Buchung erworbene Zeitguthaben kann individuell nach Bedarf nach und nach flexibel f\u00fcr Beratung eingel\u00f6st werden. F\u00fcr nicht genutzte Stunden aus dem gebuchten Kontingent gilt die gesetzliche Verfallsfrist. Falls die Stundens\u00e4tze der Die BILDUNGSMANAGER KG in Folgejahren nach der Buchung um mehr als 25% steigen, wird das zeitliche Restguthaben aliquot auf den aktuell g\u00fcltigen Stundensatz umgerechnet. Die Stunden werden dem Zeitguthaben entsprechend abgezogen. Es besteht kein Erfordernis zur Aufzahlung auf den aktuell g\u00fcltigen Honorartarif.<\/p>\n<p style=\"text-align: justify;\">Werden die Stunden vom Kunden nicht durch die Beauftragung von Leistungen genutzt, besteht kein Anspruch auf R\u00fcckzahlung von nicht ausgesch\u00f6pftem Entgelt.<\/p>\n","protected":false},"excerpt":{"rendered":"<p>Mit dem 10-Stunden-SEO-Beratungs-Paket k\u00f6nnen Sie SEO-Beratung je nach Bedarf individuell und unkompliziert in Auftrag geben. Die Inhalte der SEO -Beratung bestimmen Sie. Bei Bedarf k\u00f6nnen Sie auch weitere SEO-Beratungs-Pakete buchen. Reverse Charge ist m\u00f6glich.<\/p>\n","protected":false},"featured_media":1747,"template":"","meta":[],"product_brand":[],"product_cat":[94],"product_tag":[],"class_list":{"0":"post-1724","1":"product","2":"type-product","3":"status-publish","4":"has-post-thumbnail","6":"product_cat-die-bildungsmanager-beratung","8":"first","9":"instock","10":"virtual","11":"sold-individually","12":"taxable","13":"purchasable","14":"product-type-simple"},"_links":{"self":[{"href":"https:\/\/www.diebildungsmanager.com\/shop\/wp-json\/wp\/v2\/product\/1724","targetHints":{"allow":["GET"]}}],"collection":[{"href":"https:\/\/www.diebildungsmanager.com\/shop\/wp-json\/wp\/v2\/product"}],"about":[{"href":"https:\/\/www.diebildungsmanager.com\/shop\/wp-json\/wp\/v2\/types\/product"}],"wp:featuredmedia":[{"embeddable":true,"href":"https:\/\/www.diebildungsmanager.com\/shop\/wp-json\/wp\/v2\/media\/1747"}],"wp:attachment":[{"href":"https:\/\/www.diebildungsmanager.com\/shop\/wp-json\/wp\/v2\/media?parent=1724"}],"wp:term":[{"taxonomy":"product_brand","embeddable":true,"href":"https:\/\/www.diebildungsmanager.com\/shop\/wp-json\/wp\/v2\/product_brand?post=1724"},{"taxonomy":"product_cat","embeddable":true,"href":"https:\/\/www.diebildungsmanager.com\/shop\/wp-json\/wp\/v2\/product_cat?post=1724"},{"taxonomy":"product_tag","embeddable":true,"href":"https:\/\/www.diebildungsmanager.com\/shop\/wp-json\/wp\/v2\/product_tag?post=1724"}],"curies":[{"name":"wp","href":"https:\/\/api.w.org\/{rel}","templated":true}]}}