{"id":1338,"date":"2023-03-03T10:46:38","date_gmt":"2023-03-03T09:46:38","guid":{"rendered":"https:\/\/www.diebildungsmanager.com\/shop\/?post_type=product&#038;p=1338"},"modified":"2026-05-08T05:55:17","modified_gmt":"2026-05-08T03:55:17","slug":"gastbeitrag-magazin-3minutencoach","status":"publish","type":"product","link":"https:\/\/www.diebildungsmanager.com\/shop\/produkt\/gastbeitrag-magazin-3minutencoach\/","title":{"rendered":"Gastbeitrag Magazin 3MinutenCoach"},"content":{"rendered":"<h2>Die fachliche Expertise zeigen mit Gastbeitr\u00e4gen oder Fachinterviews im Online-Magazin:<\/h2>\n<ul>\n<li>Mit inhaltlichen Beitr\u00e4gen bauen Sie nachhaltig Ihren Expertenstatus auf und aus.<\/li>\n<li>Beigestellter Beitrag auf 3MinutenCoach.com mit 1-3 Follow-Backlinks (Laufzeit des Backlinks 12 Monate)<\/li>\n<li>Verbreitung \u00fcber FB, TW, LinkedIn, evt. auch\u00a0 \u00fcber Xing-News (insg. \u00fcber 11.000 Fans\/Follower)<\/li>\n<li>Random Platzierung im Footer von\u00a03MinutenCoach.com<\/li>\n<li>12 Monate Laufzeit des Follow-Backlinks<\/li>\n<li>Beitrag entweder unter Kennzeichnung oder ohne-Kennzeichnung (Autor: Redaktion)<\/li>\n<li>Backlink ausschlie\u00dflich f\u00fcr nicht-sensible Linkziele<\/li>\n<\/ul>\n<p>Nach der Buchung k\u00f6nnen Sie uns unmittelbar den Beitragstext zusenden. Wir ver\u00f6ffentlichen den Artikel mit einem Foto aus unserer Bildredaktion.<\/p>\n<h2>Was bringt Ihnen ein Gastbeitrag auf 3MinutenCoach.com<\/h2>\n<p style=\"text-align: justify;\">Pr\u00e4sentieren Sie Ihr Fachwissen und steigern Sie Ihre Reputation mit einem hochwertigen Fachbeitrag in unserem renommierten Online-Magazin. Gewinnen Sie eine breite Leserschaft und positionieren Sie sich als Experte auf Ihrem Gebiet. Nutzen Sie die M\u00f6glichkeit, Ihr Unternehmen und Ihre Leistungen zu pr\u00e4sentieren, potenzielle Kunden zu erreichen und Vertrauen aufzubauen. Durch die starke Pr\u00e4senz in unserem Magazin erh\u00f6hen Sie Ihre Sichtbarkeit im Markt, generieren qualifizierte Leads und er\u00f6ffnen sich neue Gesch\u00e4ftsm\u00f6glichkeiten. Nutzen Sie diese einmalige Chance, Ihr Know-how mit anderen zu teilen und sich als Branchenf\u00fchrer zu etablieren. Setzen Sie ein starkes Zeichen f\u00fcr Ihren Erfolg!<\/p>\n<h2>Warum ist ein SEO-Backlink f\u00fcr Sie wichtig<\/h2>\n<p style=\"text-align: justify;\">Sichern Sie sich den entscheidenden Wettbewerbsvorteil mit einem SEO-Backlink von unserem renommierten Online-Magazin. Mit diesem hochwertigen Link steigern Sie nicht nur Ihre Sichtbarkeit in Suchmaschinen, sondern auch Ihre Glaubw\u00fcrdigkeit und Autorit\u00e4t. Unser Online-Magazin hat eine hohe Reichweite und wird von Branchenexperten und potenziellen Kunden frequentiert. Nutzen Sie die Chance, Ihr Unternehmen prominent zu platzieren und Ihre Online-Pr\u00e4senz zu st\u00e4rken. <strong>Ein SEO-Backlink von 3MinutenCoach.com ist der Schl\u00fcssel zum Erfolg Ihrer digitalen Marketingstrategie!<\/strong><\/p>\n<h2>Content Marketing Plan: Mehrere Gastbeitr\u00e4ge gleichzeitig buchen<\/h2>\n<p style=\"text-align: justify;\">Sie k\u00f6nnen auch mehrere Gastbeitr\u00e4ge gleichzeitig buchen und uns mitteilen, wann Sie die Beitr\u00e4ge ver\u00f6ffentlichen m\u00f6chten. Wir planen diese dann entsprechend im Redaktionsplan ein. Das gebuchte Kontingent verf\u00e4llt nicht, sondern bleibt als Guthaben solange bestehen, bis Sie uns die Beitr\u00e4ge zur Ver\u00f6ffentlichung zusenden. Da wir in Zukunft die Preise f\u00fcr Gastbeitr\u00e4ge erh\u00f6hen werden, lohnt sich eine fr\u00fchzeitige Buchung.<\/p>\n<p>&nbsp;<\/p>\n","protected":false},"excerpt":{"rendered":"<div class=\"post-content woocommerce-product-details__short-description\">\n<div class=\"post-content woocommerce-product-details__short-description\">\n<p>Das Online-Magazin ist eine starke Trafficquelle \u2013 Zeigen Sie mit einem Gastbeitrag Ihre Expertise und bauen Sie SEO-Backlinks auf.<\/p>\n<p>Buchen Sie gleich mehrere Beitr\u00e4ge zum Aktionspreis!<\/p>\n<p>Der Preis gesamt f\u00fcr 12 Monat Laufzeit zuz\u00fcgl. 20% MwSt. Reverse Charge Verfahren ist m\u00f6glich. Keine Automatische Verl\u00e4ngerung.<\/p>\n<\/div>\n<\/div>\n","protected":false},"featured_media":1339,"template":"","meta":[],"product_brand":[],"product_cat":[72],"product_tag":[],"class_list":{"0":"post-1338","1":"product","2":"type-product","3":"status-publish","4":"has-post-thumbnail","6":"product_cat-3minutencoach-com","8":"first","9":"instock","10":"virtual","11":"taxable","12":"purchasable","13":"product-type-simple"},"_links":{"self":[{"href":"https:\/\/www.diebildungsmanager.com\/shop\/wp-json\/wp\/v2\/product\/1338","targetHints":{"allow":["GET"]}}],"collection":[{"href":"https:\/\/www.diebildungsmanager.com\/shop\/wp-json\/wp\/v2\/product"}],"about":[{"href":"https:\/\/www.diebildungsmanager.com\/shop\/wp-json\/wp\/v2\/types\/product"}],"wp:featuredmedia":[{"embeddable":true,"href":"https:\/\/www.diebildungsmanager.com\/shop\/wp-json\/wp\/v2\/media\/1339"}],"wp:attachment":[{"href":"https:\/\/www.diebildungsmanager.com\/shop\/wp-json\/wp\/v2\/media?parent=1338"}],"wp:term":[{"taxonomy":"product_brand","embeddable":true,"href":"https:\/\/www.diebildungsmanager.com\/shop\/wp-json\/wp\/v2\/product_brand?post=1338"},{"taxonomy":"product_cat","embeddable":true,"href":"https:\/\/www.diebildungsmanager.com\/shop\/wp-json\/wp\/v2\/product_cat?post=1338"},{"taxonomy":"product_tag","embeddable":true,"href":"https:\/\/www.diebildungsmanager.com\/shop\/wp-json\/wp\/v2\/product_tag?post=1338"}],"curies":[{"name":"wp","href":"https:\/\/api.w.org\/{rel}","templated":true}]}}