{"id":1318,"date":"2023-03-02T16:19:09","date_gmt":"2023-03-02T15:19:09","guid":{"rendered":"https:\/\/www.diebildungsmanager.com\/shop\/?post_type=product&#038;p=1318"},"modified":"2026-04-29T05:10:40","modified_gmt":"2026-04-29T03:10:40","slug":"gastbeitrag-magazin-weiterbildungsmarkt-net","status":"publish","type":"product","link":"https:\/\/www.diebildungsmanager.com\/shop\/produkt\/gastbeitrag-magazin-weiterbildungsmarkt-net\/","title":{"rendered":"Gastbeitrag Magazin Weiterbildungsmarkt.net"},"content":{"rendered":"<h2>Die fachliche Expertise zeigen mit Gastbeitr\u00e4gen oder Fachinterviews im Online-Magazin:<\/h2>\n<ul>\n<li>Mit inhaltlichen Beitr\u00e4gen bauen Sie nachhaltig Ihren Expertenstatus auf und aus.<\/li>\n<li>Wenn Sie ein Profil in der Weiterbildungsmarkt.net-Anbieterdatenbank haben wird der Beitrag mit dem Anbieterprofil verlinkt (dauerhafter Link).<\/li>\n<li>Der Beitrag ist langfristig im Archiv und \u00fcber die Vorschaufunktion auffindbar und erh\u00e4lt noch Jahre nach der Ver\u00f6ffentlichung laufend neue Leser.<\/li>\n<li>Ank\u00fcndigung mit Foto, Namen und Kurzbeschreibung des Autors bzw. auf Wunsch auch unter Autor: Redaktion<\/li>\n<li>Verbreitung \u00fcber s\u00e4mtliche eigenen Social-Media-Kan\u00e4le &#8211; FB, TW, LinkedIn (insg. \u00fcber 12.000 Fans\/Follower)<\/li>\n<li>Beigestellter Beitrag im Magazin mit 1-3 Follow-Backlinks (12 Monate Laufzeit des Follow-Backlinks)<\/li>\n<li>Platzierung auf der Startseite von\u00a0Weiterbildungsmarkt.at\u00a0im Magazin Widget<\/li>\n<li>Platzierung im Footer von\u00a0Weiterbildungsmarkt.at\u00a0im Magazin Widget<\/li>\n<li>Backlink ausschlie\u00dflich f\u00fcr nicht-sensible Linkziele<\/li>\n<\/ul>\n<p>Nach der Buchung k\u00f6nnen Sie uns unmittelbar den Beitragstext zusenden. Wir ver\u00f6ffentlichen den Artikel mit einem Foto aus unserer Bildredaktion.<\/p>\n<h2>Was bringt Ihnen ein Gastbeitrag im Weiterbildungsmarkt.net Online-Magazin<\/h2>\n<p style=\"text-align: justify;\">Pr\u00e4sentieren Sie Ihr Fachwissen und steigern Sie Ihre Reputation mit einem hochwertigen Fachbeitrag in unserem renommierten Online-Magazin. Gewinnen Sie eine breite Leserschaft und positionieren Sie sich als Experte auf Ihrem Gebiet. Nutzen Sie die M\u00f6glichkeit, Ihr Unternehmen und Ihre Leistungen zu pr\u00e4sentieren, potenzielle Kunden zu erreichen und Vertrauen aufzubauen. Durch die starke Pr\u00e4senz in unserem Magazin erh\u00f6hen Sie Ihre Sichtbarkeit im Markt, generieren qualifizierte Leads und er\u00f6ffnen sich neue Gesch\u00e4ftsm\u00f6glichkeiten. Nutzen Sie diese einmalige Chance, Ihr Know-how mit anderen zu teilen und sich als Branchenf\u00fchrer zu etablieren. Setzen Sie ein starkes Zeichen f\u00fcr Ihren Erfolg!<\/p>\n<h2 style=\"text-align: justify;\">Warum ist ein SEO-Backlink f\u00fcr Sie wichtig<\/h2>\n<p style=\"text-align: justify;\">Sichern Sie sich den entscheidenden Wettbewerbsvorteil mit einem SEO-Backlink von unserem renommierten Online-Magazin. Mit diesem hochwertigen Link steigern Sie nicht nur Ihre Sichtbarkeit in Suchmaschinen, sondern auch Ihre Glaubw\u00fcrdigkeit und Autorit\u00e4t. Unser Online-Magazin hat eine hohe Reichweite und wird von Branchenexperten und potenziellen Kunden frequentiert. Nutzen Sie die Chance, Ihr Unternehmen prominent zu platzieren und Ihre Online-Pr\u00e4senz zu st\u00e4rken. <strong>Ein SEO-Backlink von Weiterbildungsmarkt.net ist der Schl\u00fcssel zum Erfolg Ihrer digitalen Marketingstrategie!<\/strong><\/p>\n","protected":false},"excerpt":{"rendered":"<div class=\"post-content woocommerce-product-details__short-description\">\n<div class=\"post-content woocommerce-product-details__short-description\">\n<p>Das Online-Magazin ist eine starke Trafficquelle \u2013 Zeigen Sie mit einem Gastbeitrag Ihre Expertise und bauen Sie SEO-Backlinks auf.<\/p>\n<p>Der Preis gesamt f\u00fcr 12 Monat Laufzeit zuz\u00fcgl. 20% MwSt. Reverse Charge Verfahren ist m\u00f6glich. Keine Automatische Verl\u00e4ngerung.<\/p>\n<\/div>\n<\/div>\n","protected":false},"featured_media":1319,"template":"","meta":[],"product_brand":[],"product_cat":[71],"product_tag":[],"class_list":{"0":"post-1318","1":"product","2":"type-product","3":"status-publish","4":"has-post-thumbnail","6":"product_cat-weiterbildungsmarkt-net","8":"first","9":"instock","10":"virtual","11":"taxable","12":"purchasable","13":"product-type-simple"},"_links":{"self":[{"href":"https:\/\/www.diebildungsmanager.com\/shop\/wp-json\/wp\/v2\/product\/1318","targetHints":{"allow":["GET"]}}],"collection":[{"href":"https:\/\/www.diebildungsmanager.com\/shop\/wp-json\/wp\/v2\/product"}],"about":[{"href":"https:\/\/www.diebildungsmanager.com\/shop\/wp-json\/wp\/v2\/types\/product"}],"wp:featuredmedia":[{"embeddable":true,"href":"https:\/\/www.diebildungsmanager.com\/shop\/wp-json\/wp\/v2\/media\/1319"}],"wp:attachment":[{"href":"https:\/\/www.diebildungsmanager.com\/shop\/wp-json\/wp\/v2\/media?parent=1318"}],"wp:term":[{"taxonomy":"product_brand","embeddable":true,"href":"https:\/\/www.diebildungsmanager.com\/shop\/wp-json\/wp\/v2\/product_brand?post=1318"},{"taxonomy":"product_cat","embeddable":true,"href":"https:\/\/www.diebildungsmanager.com\/shop\/wp-json\/wp\/v2\/product_cat?post=1318"},{"taxonomy":"product_tag","embeddable":true,"href":"https:\/\/www.diebildungsmanager.com\/shop\/wp-json\/wp\/v2\/product_tag?post=1318"}],"curies":[{"name":"wp","href":"https:\/\/api.w.org\/{rel}","templated":true}]}}