{"id":1157,"date":"2023-02-06T11:51:15","date_gmt":"2023-02-06T10:51:15","guid":{"rendered":"https:\/\/www.diebildungsmanager.com\/shop\/?post_type=product&#038;p=1157"},"modified":"2026-05-08T05:55:17","modified_gmt":"2026-05-08T03:55:17","slug":"ankuendigung-sidebar-magazin-3minutencoach","status":"publish","type":"product","link":"https:\/\/www.diebildungsmanager.com\/shop\/produkt\/ankuendigung-sidebar-magazin-3minutencoach\/","title":{"rendered":"Ank\u00fcndigung Sidebar Magazin 3MinutenCoach"},"content":{"rendered":"<h3>Das sind die Leistungen der Ank\u00fcndigung im Online-Magazin in der Sidebar:<\/h3>\n<p><strong>Das 3MinutenCoach.com-Online-Magazin mit spannenden Fachbeitr\u00e4gen bringt t\u00e4glich neue Leserinnen und Leser auf die Seite \u2013 Zeigen Sie hier Ihre Pr\u00e4senz &amp; erh\u00f6hen Sie Ihre Impressionen!<\/strong><\/p>\n<ul>\n<li>Erreichen Sie damit auch Zielgruppen, die nicht explizit nach Ihnen oder Ihrem Angebot suchen und dennoch potentielle Interessenten sind.<\/li>\n<li>Ank\u00fcndigung mit Logo\/Foto sowie Namen, Firmennamen oder Titel der Angebote mit Verlinkung zum Profil auf 3MinutenCoach.com<\/li>\n<\/ul>\n<p><b>Plazierung in der rechten <\/b><b>Sidebar<\/b><b> als <\/b><b>\u201eErfolgs-Link des Monats\u201c oder \u201eAngebot des Monats\u201c \u2013 4 Wochen Pr\u00e4senz auf jeder Beitragsseite im Online-Magazin.<\/b><\/p>\n<p>Das 3MinutenCoach.com-Online-Magazin umfasst tausende Seiten. Auch \u00e4ltere Beitr\u00e4ge aus dem Archiv erhalten t\u00e4glich neue Besucher. Daher lohnt sich die Ank\u00fcndigung in der Sidebar im gesamten Online-Magazin.<\/p>\n<p>Preis gesamt f\u00fcr 1 Monat Laufzeit, Die Platzierung erfolgt nach der Verf\u00fcgbarkeit von freien Pl\u00e4tzen. Sie k\u00f6nnen bei der Buchung Ihren Wunschmonat angeben.<\/p>\n","protected":false},"excerpt":{"rendered":"<div class=\"post-content woocommerce-product-details__short-description\">\n<div class=\"post-content woocommerce-product-details__short-description\">\n<p>Das Online-Magazin ist eine starke Trafficquelle \u2013 Zeigen Sie in der Sidebar Ihre Pr\u00e4senz als \u201eWeiterbildung des Monats\u201c bzw. \u201eAnbieter des Monats\u201c!<\/p>\n<p>Der Preis gesamt f\u00fcr 1 Monat Laufzeit zuz\u00fcgl. 20% MwSt. Reverse Charge Verfahren ist m\u00f6glich.<\/p>\n<\/div>\n<\/div>\n","protected":false},"featured_media":1233,"template":"","meta":[],"product_brand":[],"product_cat":[72],"product_tag":[],"class_list":{"0":"post-1157","1":"product","2":"type-product","3":"status-publish","4":"has-post-thumbnail","6":"product_cat-3minutencoach-com","8":"first","9":"instock","10":"virtual","11":"taxable","12":"purchasable","13":"product-type-simple"},"_links":{"self":[{"href":"https:\/\/www.diebildungsmanager.com\/shop\/wp-json\/wp\/v2\/product\/1157","targetHints":{"allow":["GET"]}}],"collection":[{"href":"https:\/\/www.diebildungsmanager.com\/shop\/wp-json\/wp\/v2\/product"}],"about":[{"href":"https:\/\/www.diebildungsmanager.com\/shop\/wp-json\/wp\/v2\/types\/product"}],"wp:featuredmedia":[{"embeddable":true,"href":"https:\/\/www.diebildungsmanager.com\/shop\/wp-json\/wp\/v2\/media\/1233"}],"wp:attachment":[{"href":"https:\/\/www.diebildungsmanager.com\/shop\/wp-json\/wp\/v2\/media?parent=1157"}],"wp:term":[{"taxonomy":"product_brand","embeddable":true,"href":"https:\/\/www.diebildungsmanager.com\/shop\/wp-json\/wp\/v2\/product_brand?post=1157"},{"taxonomy":"product_cat","embeddable":true,"href":"https:\/\/www.diebildungsmanager.com\/shop\/wp-json\/wp\/v2\/product_cat?post=1157"},{"taxonomy":"product_tag","embeddable":true,"href":"https:\/\/www.diebildungsmanager.com\/shop\/wp-json\/wp\/v2\/product_tag?post=1157"}],"curies":[{"name":"wp","href":"https:\/\/api.w.org\/{rel}","templated":true}]}}