{"id":1057,"date":"2022-12-14T11:38:03","date_gmt":"2022-12-14T10:38:03","guid":{"rendered":"https:\/\/www.diebildungsmanager.com\/shop\/?post_type=product&#038;p=1057"},"modified":"2026-04-29T05:10:40","modified_gmt":"2026-04-29T03:10:40","slug":"ankuendigung-startseite-weiterbildungsmarkt-net","status":"publish","type":"product","link":"https:\/\/www.diebildungsmanager.com\/shop\/produkt\/ankuendigung-startseite-weiterbildungsmarkt-net\/","title":{"rendered":"Ank\u00fcndigung Startseite Weiterbildungsmarkt.net"},"content":{"rendered":"<h3>Das sind die Leistungen der Ank\u00fcndigung auf der Startseite:<\/h3>\n<p><strong>Die Startseite ist die st\u00e4rkste Seite \u2013 Zeigen Sie hier Ihre Pr\u00e4senz!<\/strong><\/p>\n<ul>\n<li>Erreichen Sie damit auch Zielgruppen, die nicht explizit nach Ihnen oder Ihrem Angebot suchen und dennoch potentielle Interessenten sind.<\/li>\n<li>Ank\u00fcndigung mit Logo\/Foto sowie Namen, Firmennamen oder Titel der Weiterbildung mit Verlinkung zum Profil auf Weiterbildungsmarkt.net<\/li>\n<li>Deutliche Erh\u00f6hung der Impressionen &amp; nachweislich sind dadurch bis zu viermal so viele Zugriffe auf das Profil erreichbar.<\/li>\n<\/ul>\n<p><b>Platzierung als \u201eWeiterbildung des Monats\u201c bzw. \u201eAnbieter des Monats\u201c \u2013 4 Wochen Pr\u00e4senz auf der Startseite.<\/b><\/p>\n<p>Preis gesamt f\u00fcr 1 Monat Laufzeit, Die Platzierung erfolgt nach der Verf\u00fcgbarkeit von freien Pl\u00e4tzen. Sie k\u00f6nnen bei der Buchung Ihren Wunschmonat angeben.<\/p>\n","protected":false},"excerpt":{"rendered":"<div class=\"post-content woocommerce-product-details__short-description\">\n<div class=\"post-content woocommerce-product-details__short-description\">\n<p>Die Startseite ist die st\u00e4rkste Seite \u2013 Zeigen Sie hier Ihre Pr\u00e4senz als \u201eWeiterbildung des Monats\u201c bzw. \u201eAnbieter des Monats\u201c!<\/p>\n<p>Der Preis gesamt f\u00fcr 1 Monat Laufzeit zuz\u00fcgl. 20% MwSt. Reverse Charge Verfahren ist m\u00f6glich.<\/p>\n<\/div>\n<\/div>\n","protected":false},"featured_media":1058,"template":"","meta":[],"product_brand":[],"product_cat":[71],"product_tag":[],"class_list":{"0":"post-1057","1":"product","2":"type-product","3":"status-publish","4":"has-post-thumbnail","6":"product_cat-weiterbildungsmarkt-net","8":"first","9":"instock","10":"virtual","11":"taxable","12":"purchasable","13":"product-type-simple"},"_links":{"self":[{"href":"https:\/\/www.diebildungsmanager.com\/shop\/wp-json\/wp\/v2\/product\/1057","targetHints":{"allow":["GET"]}}],"collection":[{"href":"https:\/\/www.diebildungsmanager.com\/shop\/wp-json\/wp\/v2\/product"}],"about":[{"href":"https:\/\/www.diebildungsmanager.com\/shop\/wp-json\/wp\/v2\/types\/product"}],"wp:featuredmedia":[{"embeddable":true,"href":"https:\/\/www.diebildungsmanager.com\/shop\/wp-json\/wp\/v2\/media\/1058"}],"wp:attachment":[{"href":"https:\/\/www.diebildungsmanager.com\/shop\/wp-json\/wp\/v2\/media?parent=1057"}],"wp:term":[{"taxonomy":"product_brand","embeddable":true,"href":"https:\/\/www.diebildungsmanager.com\/shop\/wp-json\/wp\/v2\/product_brand?post=1057"},{"taxonomy":"product_cat","embeddable":true,"href":"https:\/\/www.diebildungsmanager.com\/shop\/wp-json\/wp\/v2\/product_cat?post=1057"},{"taxonomy":"product_tag","embeddable":true,"href":"https:\/\/www.diebildungsmanager.com\/shop\/wp-json\/wp\/v2\/product_tag?post=1057"}],"curies":[{"name":"wp","href":"https:\/\/api.w.org\/{rel}","templated":true}]}}