{"id":765,"date":"2020-11-06T13:13:06","date_gmt":"2020-11-06T12:13:06","guid":{"rendered":"https:\/\/www.diebildungsmanager.com\/shop\/widerrufsbelehrung\/"},"modified":"2024-09-02T10:45:55","modified_gmt":"2024-09-02T08:45:55","slug":"widerrufsbelehrung","status":"publish","type":"page","link":"https:\/\/www.diebildungsmanager.com\/shop\/widerrufsbelehrung\/","title":{"rendered":"Widerrufsbelehrung"},"content":{"rendered":"<h1>Widerrufsrecht<\/h1>\n<p>Sie haben das Recht, binnen vierzehn Tagen ohne Angabe von Gr\u00fcnden diesen Vertrag zu widerrufen.<\/p>\n<p>Die Widerrufsfrist betr\u00e4gt vierzehn Tage ab dem Tag des Vertragsabschlusses.<\/p>\n<p>Um Ihr Widerrufsrecht auszu\u00fcben, m\u00fcssen Sie uns Ihren Namen, Ihre Anschrift sowie Ihre E-Mail-Adresse mittels einer eindeutigen Erkl\u00e4rung per E-Mail \u00fcber Ihren Entschluss, diesen Vertrag zu widerrufen, informieren.<\/p>\n<p>Machen Sie von dieser M\u00f6glichkeit Gebrauch, so werden wir Ihnen unverz\u00fcglich (z. B. per E-Mail) eine Best\u00e4tigung \u00fcber den Eingang eines solchen Widerrufs \u00fcbermitteln.<\/p>\n<p>Zur Wahrung der Widerrufsfrist reicht es aus, dass Sie die Mitteilung \u00fcber die Aus\u00fcbung des Widerrufsrechts vor Ablauf der Widerrufsfrist absenden.<\/p>\n<h2>Folgen des Widerrufs<\/h2>\n<p>Wenn Sie diesen Vertrag widerrufen, haben wir Ihnen alle Zahlungen, die wir von Ihnen erhalten haben, unverz\u00fcglich und sp\u00e4testens binnen vierzehn Tagen ab dem Tag zur\u00fcckzuzahlen, an dem die Mitteilung \u00fcber Ihren Widerruf dieses Vertrags bei uns eingegangen ist. F\u00fcr diese R\u00fcckzahlung verwenden wir dasselbe Zahlungsmittel, das Sie bei der urspr\u00fcnglichen Transaktion eingesetzt haben, es sei denn, mit Ihnen wurde ausdr\u00fccklich etwas anderes vereinbart; in keinem Fall werden Ihnen wegen dieser R\u00fcckzahlung Entgelte berechnet.<\/p>\n<h2>Ausnahme vom R\u00fccktrittsrecht (Widerrufsrecht)<\/h2>\n<p>Der Kunde hat kein R\u00fccktrittsrecht (Widerrufsrecht) f\u00fcr die Lieferung von nicht auf einem k\u00f6rperlichen Datentr\u00e4ger gespeicherten digitalen Inhalten, wenn der Unternehmer \u2013 mit ausdr\u00fccklicher Zustimmung des Kunden, verbunden mit dessen Kenntnisnahme vom Verlust des R\u00fccktrittsrechts (Widerrufsrechts) bei vorzeitigem Beginn mit der Vertragserf\u00fcllung und nach Zurverf\u00fcgungstellung einer Ausfertigung oder Best\u00e4tigung nach \u00a7 7 Abs 3 FAGG \u2013 noch vor Ablauf der sonst bestehenden R\u00fccktrittsfrist mit der Lieferung begonnen hat. (Trifft zu bei der Absolvierung von Coachingleistungen und dem Eintritt in den Online Kursraum mit der Durchsicht s\u00e4mtlicher Lerninhalte).<\/p>\n<p>Gem \u00a7 7 Abs 3 FAGG wird dem Verbraucher innerhalb einer angemessenen Frist nach dem Vertragsabschluss, sp\u00e4testens jedoch vor Beginn der Leistungserbringung, eine Best\u00e4tigung des geschlossenen Vertrages auf einem dauerhaften Datentr\u00e4ger (zB E-Mail) verbunden mit den in \u00a7 4 Abs 1 FAGG genannten Informationen zur Verf\u00fcgung gestellt, soferne diese Informationen nicht schon vorher auf dauerhaftem Datentr\u00e4ger zur Verf\u00fcgung gestellt wurden. Die Vertragsbest\u00e4tigung enth\u00e4lt jedenfalls eine Best\u00e4tigung der Zustimmung zur sofortigen Leistungserbringung und die Kenntnisnahme des Verbrauchers vom dadurch bewirkten Entfall des R\u00fccktrittsrechts (Widerrufsrechts).\u201c<\/p>\n","protected":false},"excerpt":{"rendered":"<p>Widerrufsrecht Sie haben das Recht, binnen vierzehn Tagen ohne Angabe  [&#8230;]<\/p>\n","protected":false},"author":1,"featured_media":0,"parent":0,"menu_order":0,"comment_status":"closed","ping_status":"closed","template":"100-width.php","meta":{"footnotes":""},"class_list":["post-765","page","type-page","status-publish","hentry"],"_links":{"self":[{"href":"https:\/\/www.diebildungsmanager.com\/shop\/wp-json\/wp\/v2\/pages\/765","targetHints":{"allow":["GET"]}}],"collection":[{"href":"https:\/\/www.diebildungsmanager.com\/shop\/wp-json\/wp\/v2\/pages"}],"about":[{"href":"https:\/\/www.diebildungsmanager.com\/shop\/wp-json\/wp\/v2\/types\/page"}],"author":[{"embeddable":true,"href":"https:\/\/www.diebildungsmanager.com\/shop\/wp-json\/wp\/v2\/users\/1"}],"replies":[{"embeddable":true,"href":"https:\/\/www.diebildungsmanager.com\/shop\/wp-json\/wp\/v2\/comments?post=765"}],"version-history":[{"count":2,"href":"https:\/\/www.diebildungsmanager.com\/shop\/wp-json\/wp\/v2\/pages\/765\/revisions"}],"predecessor-version":[{"id":1608,"href":"https:\/\/www.diebildungsmanager.com\/shop\/wp-json\/wp\/v2\/pages\/765\/revisions\/1608"}],"wp:attachment":[{"href":"https:\/\/www.diebildungsmanager.com\/shop\/wp-json\/wp\/v2\/media?parent=765"}],"curies":[{"name":"wp","href":"https:\/\/api.w.org\/{rel}","templated":true}]}}