{"id":764,"date":"2020-11-06T13:13:06","date_gmt":"2020-11-06T12:13:06","guid":{"rendered":"https:\/\/www.diebildungsmanager.com\/shop\/impressum\/"},"modified":"2023-02-20T14:19:58","modified_gmt":"2023-02-20T13:19:58","slug":"impressum","status":"publish","type":"page","link":"https:\/\/www.diebildungsmanager.com\/shop\/impressum\/","title":{"rendered":"Impressum"},"content":{"rendered":"<div class=\"fusion-fullwidth fullwidth-box fusion-builder-row-1 fusion-flex-container has-pattern-background has-mask-background nonhundred-percent-fullwidth non-hundred-percent-height-scrolling\" style=\"--awb-border-radius-top-left:0px;--awb-border-radius-top-right:0px;--awb-border-radius-bottom-right:0px;--awb-border-radius-bottom-left:0px;--awb-flex-wrap:wrap;\" ><div class=\"fusion-builder-row fusion-row fusion-flex-align-items-flex-start fusion-flex-content-wrap\" style=\"max-width:1248px;margin-left: calc(-4% \/ 2 );margin-right: calc(-4% \/ 2 );\"><div class=\"fusion-layout-column fusion_builder_column fusion-builder-column-0 fusion_builder_column_1_5 1_5 fusion-flex-column\" style=\"--awb-bg-size:cover;--awb-width-large:20%;--awb-margin-top-large:0px;--awb-spacing-right-large:9.6%;--awb-margin-bottom-large:20px;--awb-spacing-left-large:9.6%;--awb-width-medium:20%;--awb-order-medium:0;--awb-spacing-right-medium:9.6%;--awb-spacing-left-medium:9.6%;--awb-width-small:100%;--awb-order-small:0;--awb-spacing-right-small:1.92%;--awb-spacing-left-small:1.92%;\"><div class=\"fusion-column-wrapper fusion-column-has-shadow fusion-flex-justify-content-flex-start fusion-content-layout-column\"><\/div><\/div><div class=\"fusion-layout-column fusion_builder_column fusion-builder-column-1 fusion_builder_column_3_5 3_5 fusion-flex-column\" style=\"--awb-bg-size:cover;--awb-width-large:60%;--awb-margin-top-large:0px;--awb-spacing-right-large:3.2%;--awb-margin-bottom-large:20px;--awb-spacing-left-large:3.2%;--awb-width-medium:60%;--awb-order-medium:0;--awb-spacing-right-medium:3.2%;--awb-spacing-left-medium:3.2%;--awb-width-small:100%;--awb-order-small:0;--awb-spacing-right-small:1.92%;--awb-spacing-left-small:1.92%;\"><div class=\"fusion-column-wrapper fusion-column-has-shadow fusion-flex-justify-content-flex-start fusion-content-layout-column\"><div class=\"fusion-text fusion-text-1\"><p>Informationspflicht lt. \u00a75 E-Commerce Gesetz, \u00a714 Unternehmensgesetzbuch bzw. \u00a763 Gewerbeordnung und Offenlegungspflicht lt. \u00a725 Mediengesetz:<\/p>\n<h3>F\u00fcr den Inhalt verantwortlich<\/h3>\n<p>Mag. Andrea Jindra \/\/ Gesch\u00e4ftsf\u00fchrerin von<\/p>\n<p><strong>Die BILDUNGSMANAGER KG<\/strong><\/p>\n<p>A-1130 Wien, Opitzgasse 13<\/p>\n<p>T +43 (01) \u2013 802 32 84-0<br \/>\nE <a href=\"mailto:office@e-pages.at\">domains[at]diebildungsmanager.at<\/a><\/p>\n<p><strong>Die BILDUNGSMANAGER<\/strong> <strong>KG<\/strong> ist ein ins Firmenbuch eingetragenes \u00f6sterreichisches Unternehmen und ist Mitglied der Wirtschaftskammer Wien in der Fachgruppe: Unternehmensberatung und Informationstechnologie<br \/>\nGewerbe: Unternehmensberatung einschlie\u00dflich der Unternehmensorganisation; Werbeagentur; Ank\u00fcndigungsunternehmen<\/p>\n<h3>Firmennamen, Medieninhaber und Herausgeber<\/h3>\n<p><strong>Die BILDUNGSMANAGER<\/strong> <strong>KG<\/strong><\/p>\n<p><strong>Gesch\u00e4ftsf\u00fchrung<\/strong>: Mag. Andrea Jindra<\/p>\n<p><strong>Firmenbuchnummer<\/strong>: FN 342590 i<\/p>\n<p><strong>Umsatzsteuer-Identifikationsnummer<\/strong>: UID: ATU 65668155<\/p>\n<p><strong>Firmengericht<\/strong>: Handelsgericht Wien<\/p>\n<p><strong>Kammerzugeh\u00f6rigkeit<\/strong>: Wirtschaftskammer Wien<\/p>\n<p><strong>Fachgruppe<\/strong>:\u00a0 Unternehmensberatung und Informationstechnologie<\/p>\n<p><strong>Adresse<\/strong>:\u00a0 Opitzgasse 13, A-1130 Wien<\/p>\n<h3>Haftungsausschluss<\/h3>\n<p>F\u00fcr externe Inhalte, auf die direkt (mittels Link) oder indirekt von dieser Website verwiesen wird, sind <strong>Die BILDUNGSMANAGER<\/strong> nicht verantwortlich und \u00fcbernehmen diesbez\u00fcglich keine Haftung.<\/p>\n<p>Wir bem\u00fchen uns unsere Links frei von rechtlich und inhaltlich fragw\u00fcrdigen Seiten zu halten und w\u00e4hlen unsere Links sehr vorsichtig aus. Allerdings haben wir keinerlei Einfluss auf die Gestaltung und die Inhalte der verlinkten Seiten und distanzieren uns somit ausdr\u00fccklich von deren Inhalten.<\/p>\n<h3>Urheberrechtshinweise<\/h3>\n<p>Die Inhalte (Texte, Bilder, Grafiken etc.) sind urheberrechtlich gesch\u00fctzt. Alle Rechte, insbesondere das Recht der Vervielf\u00e4ltigung oder Verbreitung ist dem Beratungs- und Trainingsinstitut <strong>Die BILDUNGSMANAGER<\/strong> vorbehalten. Die Reproduzierung dieser Seiten oder Teile dieser Seiten ist ohne schriftliche Genehmigung von <strong>Die BILDUNGSMANAGER<\/strong> nicht gestattet.<\/p>\n<p>auf der Webseite verwendete Bilder: Fotolia, iStockphoto<\/p>\n<\/div><\/div><\/div><div class=\"fusion-layout-column fusion_builder_column fusion-builder-column-2 fusion_builder_column_1_5 1_5 fusion-flex-column\" style=\"--awb-bg-size:cover;--awb-width-large:20%;--awb-margin-top-large:0px;--awb-spacing-right-large:9.6%;--awb-margin-bottom-large:20px;--awb-spacing-left-large:9.6%;--awb-width-medium:20%;--awb-order-medium:0;--awb-spacing-right-medium:9.6%;--awb-spacing-left-medium:9.6%;--awb-width-small:100%;--awb-order-small:0;--awb-spacing-right-small:1.92%;--awb-spacing-left-small:1.92%;\"><div class=\"fusion-column-wrapper fusion-column-has-shadow fusion-flex-justify-content-flex-start fusion-content-layout-column\"><\/div><\/div><\/div><\/div>\n","protected":false},"excerpt":{"rendered":"","protected":false},"author":1,"featured_media":0,"parent":0,"menu_order":0,"comment_status":"closed","ping_status":"closed","template":"100-width.php","meta":{"footnotes":""},"class_list":["post-764","page","type-page","status-publish","hentry"],"_links":{"self":[{"href":"https:\/\/www.diebildungsmanager.com\/shop\/wp-json\/wp\/v2\/pages\/764","targetHints":{"allow":["GET"]}}],"collection":[{"href":"https:\/\/www.diebildungsmanager.com\/shop\/wp-json\/wp\/v2\/pages"}],"about":[{"href":"https:\/\/www.diebildungsmanager.com\/shop\/wp-json\/wp\/v2\/types\/page"}],"author":[{"embeddable":true,"href":"https:\/\/www.diebildungsmanager.com\/shop\/wp-json\/wp\/v2\/users\/1"}],"replies":[{"embeddable":true,"href":"https:\/\/www.diebildungsmanager.com\/shop\/wp-json\/wp\/v2\/comments?post=764"}],"version-history":[{"count":3,"href":"https:\/\/www.diebildungsmanager.com\/shop\/wp-json\/wp\/v2\/pages\/764\/revisions"}],"predecessor-version":[{"id":1277,"href":"https:\/\/www.diebildungsmanager.com\/shop\/wp-json\/wp\/v2\/pages\/764\/revisions\/1277"}],"wp:attachment":[{"href":"https:\/\/www.diebildungsmanager.com\/shop\/wp-json\/wp\/v2\/media?parent=764"}],"curies":[{"name":"wp","href":"https:\/\/api.w.org\/{rel}","templated":true}]}}